{"id":678,"date":"2024-01-25T16:02:55","date_gmt":"2024-01-25T15:02:55","guid":{"rendered":"https:\/\/www.new.serkal.fr\/new\/?page_id=678"},"modified":"2024-01-25T16:03:12","modified_gmt":"2024-01-25T15:03:12","slug":"sources","status":"publish","type":"page","link":"https:\/\/www.new.serkal.fr\/new\/sources\/","title":{"rendered":"Sources"},"content":{"rendered":"<p class=\"s3\" style=\"text-align: justify;\"><span class=\"s2\" style=\"font-size: 10pt;\">(1) <\/span><\/p>\n<p style=\"text-align: justify;\"><span style=\"font-size: 10pt;\"><span class=\"s4\">G. <\/span><span class=\"s4\">Amarenco<\/span><span class=\"s4\"> F. <\/span><span class=\"s4\">Haab<\/span><span class=\"s4\"> C. <\/span><span class=\"s4\">Touboul<\/span><span class=\"s4\"> Etat des lieux de l&rsquo;incontinence urinaire en France chez les femmes de 35 ans et plus <\/span><span class=\"s4\">Septembre<\/span><span class=\"s4\"> 2010<\/span><\/span><\/p>\n<p class=\"s3\" style=\"text-align: justify;\"><span class=\"s2\" style=\"font-size: 10pt;\">(2) <\/span><\/p>\n<p style=\"text-align: justify;\"><span style=\"font-size: 10pt;\">Enqu\u00eate sur l&rsquo;exp\u00e9rience des utilisateurs de PureWick<span class=\"s4\">\u2122<\/span>, Sur la base d&rsquo;une enqu\u00eate men\u00e9e aupr\u00e8s de 145 r\u00e9pondants, 109 (n=47 utilisateurs, n=50 soignants, n=10 identifi\u00e9s \u00e0 la fois comme utilisateurs et soignants, n=2 qui n&rsquo;ont pas indiqu\u00e9 s&rsquo;ils \u00e9taient soignants ou utilisateurs) ont reconnu que depuis qu&rsquo;ils utilisent PureWick<span class=\"s4\">\u2122<\/span>, ils peuvent mieux dormir la nuit. Les personnes interrog\u00e9es ont utilis\u00e9 la station d&rsquo;aspiration DryDoc<span class=\"s4\">\u2122<\/span> avec la sonde externe f\u00e9minine PureWick<span class=\"s4\">\u2122<\/span> (ancien nom du syst\u00e8me de collecte d&rsquo;urine PureWick<span class=\"s4\">\u2122<\/span> de premi\u00e8re g\u00e9n\u00e9ration) et ont command\u00e9 \u00e0 nouveau la sonde externe f\u00e9minine PureWick<span class=\"s4\">\u2122<\/span> au moins une fois. REF-11737.\u00a0<\/span><\/p>\n<p class=\"s3\" style=\"text-align: justify;\"><span class=\"s2\" style=\"font-size: 10pt;\">(3) <\/span><\/p>\n<p style=\"text-align: justify;\"><span style=\"font-size: 10pt;\"><span class=\"s4\">Se r\u00e9f\u00e9rer \u00e0 la notice d&rsquo;utilisation <\/span><span class=\"s4\">PureWick<\/span><span class=\"s4\">\u2122<\/span><\/span><\/p>\n<p class=\"s3\" style=\"text-align: justify;\"><span style=\"font-size: 10pt;\"><span class=\"s5\">(<\/span><span class=\"s5\">4<\/span><span class=\"s5\">)<\/span><\/span><\/p>\n<p style=\"text-align: justify;\"><span style=\"font-size: 10pt;\"><span class=\"s4\">Enqu\u00eate sur l&rsquo;exp\u00e9rience des utilisateurs de <\/span><span class=\"s4\">PureWick<\/span><span class=\"s4\">\u2122<\/span><span class=\"s4\">, Sur la base d&rsquo;une enqu\u00eate men\u00e9e aupr\u00e8s de 145 r\u00e9pondants, 79 (n=36 utilisateurs, n=37 soignants, n=5 identifi\u00e9s comme \u00e9tant \u00e0 la fois un utilisateur et un soignant, n=1 qui n&rsquo;a pas indiqu\u00e9 s&rsquo;il \u00e9tait un soignant ou un utilisateur) ont reconnu que depuis qu&rsquo;ils utilisent <\/span><span class=\"s4\">PureWick<\/span><span class=\"s4\">\u2122<\/span><span class=\"s4\">, ils se r\u00e9veillent au sec le matin. Les personnes interrog\u00e9es ont utilis\u00e9 la station d&rsquo;aspiration <\/span><span class=\"s4\">DryDoc<\/span><span class=\"s4\">\u2122<\/span> <span class=\"s4\">avec la sonde externe <\/span><span class=\"s4\">PureWick<\/span><span class=\"s4\">\u2122<\/span> <span class=\"s4\">Femme (ancien nom du syst\u00e8me de collecte d&rsquo;urine <\/span><span class=\"s4\">PureWick<\/span><span class=\"s4\">\u2122<\/span> <span class=\"s4\">de premi\u00e8re g\u00e9n\u00e9ration) et ont command\u00e9 \u00e0 nouveau la sonde externe <\/span><span class=\"s4\">PureWick<\/span><span class=\"s4\">\u2122<\/span> <span class=\"s4\">Femme au moins une fois. REF-11737<\/span>\u00a0<\/span><\/p>\n<p class=\"s3\" style=\"text-align: justify;\"><span style=\"font-size: 10pt;\"><span class=\"s5\">(<\/span><span class=\"s5\">5<\/span><span class=\"s5\">)<\/span><\/span><\/p>\n<p style=\"text-align: justify;\"><span class=\"s4\" style=\"font-size: 10pt;\">Newton C, Call E, Chan KSL, Perkins A (2017) External Catheter System Provides Effective Incontinence Management for Women. Innovating for Continence: The Engineering Challenge. Chicago, IL. April 19-21 REF-28385<\/span><\/p>\n<p class=\"s3\" style=\"text-align: justify;\"><span style=\"font-size: 10pt;\"><span class=\"s5\">(<\/span><span class=\"s5\">6<\/span><span class=\"s5\">)<\/span><\/span><\/p>\n<p style=\"text-align: justify;\"><span style=\"font-size: 10pt;\"><span class=\"s4\">Behrend and <\/span><span class=\"s4\">Didwania<\/span><span class=\"s4\"> &#8211; Filling the Void- An FEC Improving Care &#8211; Northwestern Research Day 2018 REF-39002<\/span><\/span><\/p>\n<p class=\"s3\" style=\"text-align: justify;\"><span class=\"s5\" style=\"font-size: 10pt;\">(7)<\/span><\/p>\n<p class=\"s3\" style=\"text-align: justify;\"><span style=\"font-size: 10pt;\"><span class=\"s7\">Chantal <\/span><span class=\"s7\">Regat-Biko\u00ef<\/span><span class=\"s7\">, Hubert <\/span><span class=\"s7\">Vuagnat<\/span><span class=\"s7\">, Diane Morin &#8211; Association de Recherche en Soins Infirmiers | 2013\/4 N\u00b0 115 | pages 59 \u00e0 67 REF-59102<\/span><\/span><\/p>\n<p class=\"s3\" style=\"text-align: justify;\"><span class=\"s5\" style=\"font-size: 10pt;\">(8)<\/span><\/p>\n<p class=\"s3\" style=\"text-align: justify;\"><span class=\"s7\" style=\"font-size: 10pt;\">Les bonnes pratiques de soins en \u00e9tablissements d&rsquo;h\u00e9bergement pour personnes \u00e2g\u00e9es d\u00e9pendantes &#8211; Direction G\u00e9n\u00e9rale de la Sant\u00e9 &#8211; Direction G\u00e9n\u00e9rale de l\u2019Action Sociale &#8211; Soci\u00e9t\u00e9 Fran\u00e7aise de G\u00e9riatrie et G\u00e9rontologie &#8211; Octobre 2007 REF-50114<\/span><\/p>\n<p class=\"s3\" style=\"text-align: justify;\"><span class=\"s5\" style=\"font-size: 10pt;\">(9)<\/span><\/p>\n<p class=\"s3\" style=\"text-align: justify;\"><span style=\"font-size: 10pt;\"><span class=\"s7\">G. Miget, M. <\/span><span class=\"s7\">Moutounaick<\/span><span class=\"s7\">, F. <\/span><span class=\"s7\">Kervinio<\/span><span class=\"s7\">, M. <\/span><span class=\"s7\">Teng,C<\/span><span class=\"s7\">.<\/span> <span class=\"s7\">Chesnel<\/span><span class=\"s7\">, A. <\/span><span class=\"s7\">Charlanes<\/span><span class=\"s7\">, F. Le Breton, G. <\/span><span class=\"s7\">Amarenco<\/span><span class=\"s7\"> &#8211; Absorbent products for urinary incontinence management &#8211; 31 08 2018 REF-50119<\/span><\/span><\/p>\n<p class=\"s3\" style=\"text-align: justify;\"><span class=\"s5\" style=\"font-size: 10pt;\">(10)<\/span><\/p>\n<p class=\"s3\" style=\"text-align: justify;\"><span style=\"font-size: 10pt;\"><span class=\"s7\">Diana Kerr, Heather <\/span><span class=\"s7\">Wilkinson<\/span><span class=\"s7\"> and Colm Cunningham &#8211; Supporting older people in care homes at night &#8211; University of Edinburgh, 2008 REF-50116<\/span><\/span><\/p>\n<p class=\"s3\" style=\"text-align: justify;\"><span class=\"s5\" style=\"font-size: 10pt;\">(11)<\/span><\/p>\n<p class=\"s3\" style=\"text-align: justify;\"><span style=\"font-size: 10pt;\"><span class=\"s7\">Da Costa Nycturie du patient <\/span><span class=\"s7\">\u00e2g\u00e9 :<\/span> <span class=\"s7\">en<\/span><span class=\"s7\"> pratique 2017 REF-57765<\/span><\/span><\/p>\n<p class=\"s3\" style=\"text-align: justify;\"><span class=\"s5\" style=\"font-size: 10pt;\">(12)<\/span><\/p>\n<p class=\"s3\" style=\"text-align: justify;\"><span class=\"s7\" style=\"font-size: 10pt;\">P. Meyer Algorithmes et incontinence urinaire des seniors Mars 2017 \u2013 REF-52831<\/span><\/p>\n","protected":false},"excerpt":{"rendered":"<p>(1) G. Amarenco F. Haab C. Touboul Etat des lieux de l&rsquo;incontinence urinaire en France chez les femmes de 35 ans et plus Septembre 2010 (2) Enqu\u00eate sur l&rsquo;exp\u00e9rience des utilisateurs de PureWick\u2122, Sur la base d&rsquo;une enqu\u00eate men\u00e9e aupr\u00e8s de 145 r\u00e9pondants, 109 (n=47 utilisateurs, n=50 soignants, n=10 identifi\u00e9s \u00e0 la fois comme utilisateurs [&hellip;]<\/p>\n","protected":false},"author":1,"featured_media":0,"parent":0,"menu_order":0,"comment_status":"closed","ping_status":"closed","template":"","meta":{"_editorskit_title_hidden":false,"_editorskit_reading_time":0,"_editorskit_is_block_options_detached":false,"_editorskit_block_options_position":"{}","footnotes":""},"class_list":["post-678","page","type-page","status-publish","hentry","post"],"_links":{"self":[{"href":"https:\/\/www.new.serkal.fr\/new\/wp-json\/wp\/v2\/pages\/678","targetHints":{"allow":["GET"]}}],"collection":[{"href":"https:\/\/www.new.serkal.fr\/new\/wp-json\/wp\/v2\/pages"}],"about":[{"href":"https:\/\/www.new.serkal.fr\/new\/wp-json\/wp\/v2\/types\/page"}],"author":[{"embeddable":true,"href":"https:\/\/www.new.serkal.fr\/new\/wp-json\/wp\/v2\/users\/1"}],"replies":[{"embeddable":true,"href":"https:\/\/www.new.serkal.fr\/new\/wp-json\/wp\/v2\/comments?post=678"}],"version-history":[{"count":3,"href":"https:\/\/www.new.serkal.fr\/new\/wp-json\/wp\/v2\/pages\/678\/revisions"}],"predecessor-version":[{"id":681,"href":"https:\/\/www.new.serkal.fr\/new\/wp-json\/wp\/v2\/pages\/678\/revisions\/681"}],"wp:attachment":[{"href":"https:\/\/www.new.serkal.fr\/new\/wp-json\/wp\/v2\/media?parent=678"}],"curies":[{"name":"wp","href":"https:\/\/api.w.org\/{rel}","templated":true}]}}